{"id":5,"date":"2021-09-13T14:58:20","date_gmt":"2021-09-13T11:58:20","guid":{"rendered":"https:\/\/192.168.3.231\/?page_id=5"},"modified":"2021-09-17T14:57:03","modified_gmt":"2021-09-17T11:57:03","slug":"lahtiolekuajad","status":"publish","type":"page","link":"https:\/\/sotsiaalmaja.johvi.ee\/?page_id=5","title":{"rendered":"Lahtiolekuajad"},"content":{"rendered":"<p><strong>J\u00f5hvi Sotsiaalmaja<\/strong> on avatud<\/p>\n<p>Iga p\u00e4ev<strong> 6.00 -23.00<\/strong><\/p>\n<p>Kella <strong>23.00-6.00 <\/strong>on \u00f6\u00f6rahu ja maja on suletud.<\/p>\n<p>Sotsiaalmaja elanike k\u00fclastamise aeg on kella <strong>9.00-21.00.<\/strong><\/p>\n<hr>\n<p><strong>J\u00f5hvi kodutute \u00f6\u00f6maja<\/strong> on avatud:<\/p>\n<p>Iga p\u00e4ev kella<strong>18.00-8.00<\/strong><\/p>\n<hr>\n<p><strong>J\u00f5hvi Supik\u00f6\u00f6k<\/strong> on avatud<\/p>\n<p>Iga t\u00f6\u00f6p\u00e4ev <strong>08.00-16.30<\/strong><\/p>\n<p>Toitlustamise korraldamine toimub kella <strong>11.00 <\/strong>kuni <strong>13.00<\/strong><\/p>\n","protected":false},"excerpt":{"rendered":"<p>J\u00f5hvi Sotsiaalmaja on avatud Iga p\u00e4ev 6.00 -23.00 Kella 23.00-6.00 on \u00f6\u00f6rahu ja maja on suletud. Sotsiaalmaja elanike k\u00fclastamise aeg on kella 9.00-21.00. J\u00f5hvi kodutute \u00f6\u00f6maja on avatud: Iga p\u00e4ev kella18.00-8.00 J\u00f5hvi Supik\u00f6\u00f6k on avatud Iga t\u00f6\u00f6p\u00e4ev 08.00-16.30 Toitlustamise korraldamine toimub kella 11.00 kuni 13.00<\/p>\n","protected":false},"author":1,"featured_media":0,"parent":0,"menu_order":0,"comment_status":"closed","ping_status":"closed","template":"","meta":{"ngg_post_thumbnail":0,"footnotes":""},"class_list":["post-5","page","type-page","status-publish","hentry"],"_links":{"self":[{"href":"https:\/\/sotsiaalmaja.johvi.ee\/index.php?rest_route=\/wp\/v2\/pages\/5","targetHints":{"allow":["GET"]}}],"collection":[{"href":"https:\/\/sotsiaalmaja.johvi.ee\/index.php?rest_route=\/wp\/v2\/pages"}],"about":[{"href":"https:\/\/sotsiaalmaja.johvi.ee\/index.php?rest_route=\/wp\/v2\/types\/page"}],"author":[{"embeddable":true,"href":"https:\/\/sotsiaalmaja.johvi.ee\/index.php?rest_route=\/wp\/v2\/users\/1"}],"replies":[{"embeddable":true,"href":"https:\/\/sotsiaalmaja.johvi.ee\/index.php?rest_route=%2Fwp%2Fv2%2Fcomments&post=5"}],"version-history":[{"count":3,"href":"https:\/\/sotsiaalmaja.johvi.ee\/index.php?rest_route=\/wp\/v2\/pages\/5\/revisions"}],"predecessor-version":[{"id":257,"href":"https:\/\/sotsiaalmaja.johvi.ee\/index.php?rest_route=\/wp\/v2\/pages\/5\/revisions\/257"}],"wp:attachment":[{"href":"https:\/\/sotsiaalmaja.johvi.ee\/index.php?rest_route=%2Fwp%2Fv2%2Fmedia&parent=5"}],"curies":[{"name":"wp","href":"https:\/\/api.w.org\/{rel}","templated":true}]}}