{"id":44,"date":"2021-09-13T16:14:55","date_gmt":"2021-09-13T13:14:55","guid":{"rendered":"https:\/\/192.168.3.231\/?page_id=44"},"modified":"2021-11-16T13:04:08","modified_gmt":"2021-11-16T11:04:08","slug":"johvi-supikoogi-sisekorraeeskiri","status":"publish","type":"page","link":"https:\/\/sotsiaalmaja.johvi.ee\/?page_id=44","title":{"rendered":"J\u00f5hvi sotsiaalmaja supik\u00f6\u00f6gi sisekorraeeskiri"},"content":{"rendered":"<h4>&nbsp; Kinnitan&nbsp;&nbsp;&nbsp;&nbsp;&nbsp;&nbsp;&nbsp;&nbsp;&nbsp;&nbsp;&nbsp;&nbsp;&nbsp;&nbsp;&nbsp;&nbsp;&nbsp;&nbsp;&nbsp;&nbsp;&nbsp;&nbsp;&nbsp;&nbsp;&nbsp;&nbsp;&nbsp;&nbsp;&nbsp;&nbsp;&nbsp;&nbsp;&nbsp;&nbsp;&nbsp;&nbsp;&nbsp;&nbsp;&nbsp;&nbsp;&nbsp;&nbsp;&nbsp;&nbsp;&nbsp;&nbsp;&nbsp;&nbsp;&nbsp;&nbsp;&nbsp;&nbsp;&nbsp;&nbsp;&nbsp;&nbsp;&nbsp;&nbsp;&nbsp;&nbsp;&nbsp;&nbsp;&nbsp;&nbsp;&nbsp;&nbsp;&nbsp;&nbsp;&nbsp;&nbsp;&nbsp;&nbsp;&nbsp;&nbsp;&nbsp;&nbsp;&nbsp;&nbsp;&nbsp;&nbsp;&nbsp;&nbsp;&nbsp;&nbsp;&nbsp;&nbsp;&nbsp;&nbsp;&nbsp;&nbsp;&nbsp;&nbsp;&nbsp;&nbsp;&nbsp;&nbsp;&nbsp;<\/h4>\n<h4>Andrei Lu\u0161kin<\/h4>\n<h4>Sotsiaalmaja direktor<\/h4>\n<h4>.2019.a.&nbsp;&nbsp;&nbsp;&nbsp;&nbsp;&nbsp;&nbsp;&nbsp;&nbsp;&nbsp;&nbsp;&nbsp;&nbsp;&nbsp;&nbsp;&nbsp;&nbsp;&nbsp;&nbsp;&nbsp;<\/h4>\n<p>&nbsp;<\/p>\n<p>J\u00f5hvi supik\u00f6\u00f6k on J\u00f5hvi Sotsiaalmaja struktuur\u00fcksus,kus <strong>osutatakse&nbsp;&nbsp;&nbsp; vajadusel soodsamatel tingimustel toitlustamise korraldamine \u00fcks kord p\u00e4evas.<\/strong><\/p>\n<ol>\n<li><strong>&nbsp;<\/strong><span style=\"font-size: 1rem;\">Eeskiri s\u00e4testab J\u00f5hvi sotsiaalmaja (edaspidi: Sotsiaalmaja) asuva supik\u00f6\u00f6gi teenuse kasutamise korra ning teenuse osutajate ja klientide vastutuse.<\/span><\/li>\n<li>Supik\u00f6\u00f6gi teenuse kasutamise eeskiri on t\u00e4itmiseks kohustuslik k\u00f5ikidele teenuse kasutajatele.<\/li>\n<li>.Supik\u00f6\u00f6k on avatud iga t\u00f6\u00f6p\u00e4ev 08.00-16.30<\/li>\n<li>Toitlustamise korraldamine toimub kella 11.00 kuni 13.00<\/li>\n<li>Supik\u00f6\u00f6gi teenust v\u00f5ivad kasutada k\u00f5ik teenuse sihtgruppi kuuluvad isikud v\u00f5rdsetel tingimustel<\/li>\n<li>Supik\u00f6\u00f6giteenust osutatakse v\u00e4ltimatu abi korras sotsiaalse garantiita isikutele, kellel puudub elamiseks vajalik sissetulek. Supik\u00f6\u00f6giteenuse saamiseks tuleb p\u00f6\u00f6rduda J\u00f5hvi valla sotsiaalteenistusse v\u00f5i J\u00f5hvi Sotsiaalmajja.<\/li>\n<li>Supik\u00f6\u00f6gi teenuse sihtgruppi kuuluvad: J\u00f5hvi linna elanikud: paljulapselised ja \u00fcksikvanemate pered, t\u00f6\u00f6tud, kodutud ja teised toimetulekuraskustes isikud.<\/li>\n<li>Supik\u00f6\u00f6gi teenust tarbitakse \u00fcldjuhul Supik\u00f6\u00f6gi s\u00f6\u00f6gitoas.<\/li>\n<li>.Supik\u00f6\u00f6gi t\u00f6\u00f6tajal on \u00f5igus teenuse kasutajatelt n\u00f5uda isikut t\u00f5endava dokumendi esitamist.<\/li>\n<li>Supik\u00f6\u00f6gi t\u00f6\u00f6tajad on kohustatud osutama vajalikku abi teenuse kasutajatele.<\/li>\n<li>T\u00f6\u00f6tajatel on \u00f5igus keelduda teenindamast koosk\u00f5las k\u00e4esoleva eeskirjaga teenuse sihtgruppi mitte kuuluvaid kliente, samuti neid, kes on silmn\u00e4htavas joobeseisundis v\u00f5i p\u00fc\u00fcavad tahtlikult kahjustada Supik\u00f6\u00f6gi ruume ja inventari.<\/li>\n<li>Supik\u00f6\u00f6gi teenuse kasutaja on esmase kordsel k\u00fclastusel kohustatud tutvuma k\u00e4esoleva eeskirjaga, andes selle kohta oma allkirja ning teenuse saamise \u00f5iguse t\u00f5endamiseks Supik\u00f6\u00f6gi t\u00f6\u00f6taja n\u00f5udmisel esitama isikut t\u00f5endava dokumendi.<\/li>\n<li>Teenuse kasutaja kohustub kasutama supik\u00f6\u00f6gis olevat inventari heaperemehelikult. Keelatud on supik\u00f6\u00f6gis p\u00f5hjuseta viibimine, suitsetamine, alkoholi tarbimine, ruumide risustamine ja m\u00e4\u00e4rimine v\u00f5i sisseseade vigastamine, akende v\u00f5i uste omavoliline avamine ja sulgemine vm. tegevus, mis ei ole koosk\u00f5las k\u00e4esoleva eeskirja v\u00f5i \u00fcldtunnustatud moraalinormidega. Teenuse kasutaja on kohustatud h\u00fcvitama kahju, mis tekkis kasutatava ruumi ja inventari h\u00e4vimise v\u00f5i rikkumisega, kui tuvastatakse selles kasutaja s\u00fc\u00fc.<\/li>\n<li>K\u00e4esoleva eeskirja t\u00e4iendamiseks ja parandamiseks teeb ettepanekud Sotsiaalmaja juhatus ning eeskirja kinnitab J\u00f5hvi sotsiaalmaja Direktor.<\/li>\n<\/ol>\n","protected":false},"excerpt":{"rendered":"<p>&nbsp; Kinnitan&nbsp;&nbsp;&nbsp;&nbsp;&nbsp;&nbsp;&nbsp;&nbsp;&nbsp;&nbsp;&nbsp;&nbsp;&nbsp;&nbsp;&nbsp;&nbsp;&nbsp;&nbsp;&nbsp;&nbsp;&nbsp;&nbsp;&nbsp;&nbsp;&nbsp;&nbsp;&nbsp;&nbsp;&nbsp;&nbsp;&nbsp;&nbsp;&nbsp;&nbsp;&nbsp;&nbsp;&nbsp;&nbsp;&nbsp;&nbsp;&nbsp;&nbsp;&nbsp;&nbsp;&nbsp;&nbsp;&nbsp;&nbsp;&nbsp;&nbsp;&nbsp;&nbsp;&nbsp;&nbsp;&nbsp;&nbsp;&nbsp;&nbsp;&nbsp;&nbsp;&nbsp;&nbsp;&nbsp;&nbsp;&nbsp;&nbsp;&nbsp;&nbsp;&nbsp;&nbsp;&nbsp;&nbsp;&nbsp;&nbsp;&nbsp;&nbsp;&nbsp;&nbsp;&nbsp;&nbsp;&nbsp;&nbsp;&nbsp;&nbsp;&nbsp;&nbsp;&nbsp;&nbsp;&nbsp;&nbsp;&nbsp;&nbsp;&nbsp;&nbsp;&nbsp;&nbsp;&nbsp; Andrei Lu\u0161kin Sotsiaalmaja direktor .2019.a.&nbsp;&nbsp;&nbsp;&nbsp;&nbsp;&nbsp;&nbsp;&nbsp;&nbsp;&nbsp;&nbsp;&nbsp;&nbsp;&nbsp;&nbsp;&nbsp;&nbsp;&nbsp;&nbsp;&nbsp; &nbsp; J\u00f5hvi supik\u00f6\u00f6k on J\u00f5hvi Sotsiaalmaja struktuur\u00fcksus,kus osutatakse&nbsp;&nbsp;&nbsp; vajadusel soodsamatel tingimustel toitlustamise korraldamine \u00fcks kord p\u00e4evas. &nbsp;Eeskiri s\u00e4testab J\u00f5hvi sotsiaalmaja (edaspidi: Sotsiaalmaja) asuva supik\u00f6\u00f6gi teenuse kasutamise korra ning teenuse osutajate ja klientide vastutuse. Supik\u00f6\u00f6gi teenuse kasutamise eeskiri on t\u00e4itmiseks kohustuslik k\u00f5ikidele teenuse kasutajatele. .Supik\u00f6\u00f6k on avatud iga t\u00f6\u00f6p\u00e4ev [&hellip;]<\/p>\n","protected":false},"author":1,"featured_media":0,"parent":0,"menu_order":0,"comment_status":"closed","ping_status":"closed","template":"","meta":{"ngg_post_thumbnail":0,"footnotes":""},"class_list":["post-44","page","type-page","status-publish","hentry"],"_links":{"self":[{"href":"https:\/\/sotsiaalmaja.johvi.ee\/index.php?rest_route=\/wp\/v2\/pages\/44","targetHints":{"allow":["GET"]}}],"collection":[{"href":"https:\/\/sotsiaalmaja.johvi.ee\/index.php?rest_route=\/wp\/v2\/pages"}],"about":[{"href":"https:\/\/sotsiaalmaja.johvi.ee\/index.php?rest_route=\/wp\/v2\/types\/page"}],"author":[{"embeddable":true,"href":"https:\/\/sotsiaalmaja.johvi.ee\/index.php?rest_route=\/wp\/v2\/users\/1"}],"replies":[{"embeddable":true,"href":"https:\/\/sotsiaalmaja.johvi.ee\/index.php?rest_route=%2Fwp%2Fv2%2Fcomments&post=44"}],"version-history":[{"count":6,"href":"https:\/\/sotsiaalmaja.johvi.ee\/index.php?rest_route=\/wp\/v2\/pages\/44\/revisions"}],"predecessor-version":[{"id":276,"href":"https:\/\/sotsiaalmaja.johvi.ee\/index.php?rest_route=\/wp\/v2\/pages\/44\/revisions\/276"}],"wp:attachment":[{"href":"https:\/\/sotsiaalmaja.johvi.ee\/index.php?rest_route=%2Fwp%2Fv2%2Fmedia&parent=44"}],"curies":[{"name":"wp","href":"https:\/\/api.w.org\/{rel}","templated":true}]}}