{"id":38,"date":"2021-09-13T16:06:06","date_gmt":"2021-09-13T13:06:06","guid":{"rendered":"https:\/\/192.168.3.231\/?page_id=38"},"modified":"2021-11-16T13:15:45","modified_gmt":"2021-11-16T11:15:45","slug":"johvi-sotsiaalmaja-sisekorraeeskiri","status":"publish","type":"page","link":"https:\/\/sotsiaalmaja.johvi.ee\/?page_id=38","title":{"rendered":"J\u00f5hvi Sotsiaalmaja sisekorraeeskiri"},"content":{"rendered":"<p><strong>Kinnitan: 08.08.2019.<\/strong><\/p>\n<p><strong>&nbsp;<\/strong><strong>Andrei Lu\u0161kin<\/strong><\/p>\n<p><strong>&nbsp;Direktor&nbsp;&nbsp;&nbsp;&nbsp;&nbsp;&nbsp;&nbsp;&nbsp;&nbsp;&nbsp;&nbsp;&nbsp;&nbsp;&nbsp;&nbsp;&nbsp;&nbsp;&nbsp; <\/strong><\/p>\n<p><strong>SISEKORRAEESKIRI<\/strong><\/p>\n<ol>\n<li>J\u00f5hvi Sotsiaalmaja on J\u00f5hvi valla hoolendeasutus, mille tegevuse p\u00f5hieesm\u00e4rgiks on eluasemeteenuse osutamine m\u00f5juval p\u00f5hjusel elamispinnast ilmaj\u00e4\u00e4nud J\u00f5hvi valla elanikele.<\/li>\n<li>K\u00e4esolev EESKIRI on \u00fc\u00fcrilepingu koostisosaks ning kuulub \u00fc\u00fcrnike poolt t\u00e4itmisele.<\/li>\n<li>Sotsiaalmaja on avatud kella 6.00-st kuni kella 23.00-nt \u00f5htul. Kella 23.00-6.00 on \u00f6\u00f6rahu ja maja on suletud. Elanikud, kes peavad lahkuma majast ajal, mil maja on suletud, peavad sellest eelnevalt teavitama korrapidajat. Korrapidajal on \u00f5igus mitte lubada elanikel v\u00e4ljuda majast \u00f6isel ajal, kui on ilmne, et tegemist on ebakaines v\u00f5i norkauimas isikuga v\u00f5i on oht alkohoolsete jookide v\u00f5i narkootikumide majja sissetoomisega.<\/li>\n<li>Sotsiaalmajas on joovastavate ainete (alkohol,surrogaadid, narkootikumide) sissetoominejaa kasutamine keelatud. Direktoril, majandusjuhatajal ja korrapidajatel on \u00f5igus kontrollida elanike pagasit kui on kahtlusi alkoholi olemas olu kohta. Eelpooltoodud ametnikel on \u00f5igus v\u00f5tta alkohoolsed joogid hoiule ning kohustus informeerida politsei juhtunust. Juhul, kui sotsiaalmaja elanik ei t\u00e4ida eelpooltoodud n\u00f5uet on sotsiaalmaja direktoril \u00f5igus teha elanikule hoiatusi (suuline ja kirjalik) ning alustada menetlust \u00fc\u00fcrilepingu l\u00f5petamiseks enne t\u00e4htaegselt.<\/li>\n<li>Sotsiaalmajas on keelatud tegevus, mis h\u00e4irib naabrite rahu s.o. l\u00fclitada sisse helitekitavaid vahendeid t\u00e4iskoormusele, laulda, karjuda jms.<\/li>\n<li>Sotsiaalmaja elanikud on kohustatud t\u00e4itma tuleohutuse eeskirju. Kategooriliselt on keelatud l\u00fclitada elektriv\u00f5rku omatehtud k\u00fcttekehasid, soojusseadmeid. Tubades on keelatud hoida tuleohtlikke ja kergestis\u00fcttivaid materjale. Sotsiaalmaja juhtkonnal on \u00f5igus kontrollida elektriliste k\u00fcttekehade, elektripliitide olukorda \u00fc\u00fcrile antud tubades. Kui elektrilised seadmed ei vasta ohutusn\u00f5uetele on sotsiaalmaja t\u00f6\u00f6tajal \u00f5igus need V\u00d5\u00d5RANDADA.<\/li>\n<li>\u00dc\u00fcrnikul on keelatud kallata olmepr\u00fcgi ja toiduj\u00e4\u00e4tmeid \u00fcldkasutatavasse kanalisatsiooni. Keelatud on pr\u00fcgi v\u00e4ljaloopimine aknast. Majahoidjal, korrapidajal jt. sotsiaalmaja t\u00f6\u00f6tajal on \u00f5igus n\u00f5uda pr\u00fcgi koristamist s\u00fc\u00fcdlaste poolt.<\/li>\n<li>\u00dc\u00fcrnikud peavad hoidma \u00fc\u00fcritava toa heas sanitaarses seisukorras. Keelatud on hoida tubades t\u00fchja taarat, kaltse, vanapaberit jms. Korrapidajal on \u00f5igus mitte lubada siseneda sotsiaalmajja isikuid t\u00fchja taaraga, makulatuuriga v\u00f5i kaltsudega. \u00dc\u00fcrnik peab v\u00e4hemalt \u00fcks kord kuus korraldama eluruumi suurepuhastuse. Putukat\u00f5rje teostamisel peab \u00fc\u00fcrnik kindlustama juurdep\u00e4\u00e4su ruumidele.<\/li>\n<li>Sotsiaalmaja \u00fcldkasutatavates ruumides on suitsetamine keelatud.<\/li>\n<li>\u00dc\u00fcrnik on kohustatud omal kulul heastama ruumidele tekitatud kahju. &nbsp;&nbsp;&nbsp;&nbsp;&nbsp;&nbsp; Kui \u00fc\u00fcrnik ei ole v\u00f5imeline iseseisvalt taastama kahjustusi, likvideerib&nbsp;&nbsp;&nbsp;&nbsp; kahjustused \u00fc\u00fcrile andja ning n\u00f5uab s\u00fc\u00fcdlaselt sisse kahju <strong>kuue kuu jooksul.<\/strong><\/li>\n<li>\u00dc\u00fcrnik ei tohi lubada \u00f6\u00f6bida \u00fc\u00fcritud ruumides k\u00f5rvalistel isikutel. Korrapidajal on \u00f5igus n\u00f5uda k\u00f5rvaliste isikute lahkumist sotsiaalmaja Keeldumise korral on korrapidaja kohustatud informeerima &nbsp;&nbsp;&nbsp;&nbsp;&nbsp;&nbsp;&nbsp; olukorrast turvat\u00f6\u00f6tajaid v\u00f5i politseid.<\/li>\n<li>Sotsiaalmaja elanike k\u00fclastamise aeg on kella 9.00-21.00. k\u00fclastaja peab esitama korrapidajale isikut t\u00f5endava dokumendi, teatama k\u00fclastamise kestvuse ja kellele k\u00fclla l\u00e4heb. Korrapidaja peab fikseerima \u017eurnaalis &nbsp;&nbsp;&nbsp;&nbsp; k\u00fclastaja isikuandmed, k\u00fclastamise aja ja k\u00fclastatava nime. Ilma &nbsp; isikut t\u00f5endava dokumendita ei lubata siseneda sotsiaalmaja ruumidesse. Korrapidaja ei tohi lubada siseneda sotsiaalmaja ruumidesse isikut, kes on &nbsp;&nbsp;&nbsp;&nbsp;&nbsp;&nbsp;&nbsp; alkoholi v\u00f5i narkoojoobes v\u00f5i on varem rikkunud sotsiaalmaja<\/li>\n<li>Sotsiaalmajas on keelatud pidada kasse, koeri ja linde. Keelatud on ka tuvide s\u00f6\u00f6tmine sotsiaalmaja territooriumil.<\/li>\n<li>Sotsiaalmaja elukorpuse koridoride uksed peavad olema lukustatud \u00f6\u00f6p\u00e4evaringselt. Lukkude rikkumisest peavad \u00fc\u00fcrnikud teavitama Omaalgatuslikult on uste avamine keelatud. Kui elaniku on &nbsp;&nbsp;&nbsp; vahetanud ukse lukku, peab ta andma \u00fche v\u00f5tme korrapidajale, et oleks &nbsp;&nbsp;&nbsp;&nbsp;&nbsp;&nbsp;&nbsp; tagatud vaba juurdep\u00e4\u00e4s kommunikatsioonidele.<\/li>\n<li>Eluruumides paiknevate seadmete riketest peavad \u00fc\u00fcrnikud koheselt teavitama korrapidajat. Omaalgatuslikult ei tohi \u00fc\u00fcrnikud seadmeid<\/li>\n<li>Kui \u00fc\u00fcrnik ei t\u00e4ida sotsiaalmaja sisekorraeeskirju l\u00f5petatakse \u00fc\u00fcrileping ennet\u00e4htaegselt.<\/li>\n<li>Elanike turvavalisuse tagamise t\u00f5ttu Sotsiaalmajas on videovalves\u00fcsteem. Salvestuse l\u00e4bivaatamine toimub h\u00e4daolukorras Sotiaalmaja direktori poolt.<\/li>\n<\/ol>\n<p>&nbsp;<\/p>\n<p>&nbsp;<\/p>\n<p>&nbsp;<\/p>\n","protected":false},"excerpt":{"rendered":"<p>Kinnitan: 08.08.2019. &nbsp;Andrei Lu\u0161kin &nbsp;Direktor&nbsp;&nbsp;&nbsp;&nbsp;&nbsp;&nbsp;&nbsp;&nbsp;&nbsp;&nbsp;&nbsp;&nbsp;&nbsp;&nbsp;&nbsp;&nbsp;&nbsp;&nbsp; SISEKORRAEESKIRI J\u00f5hvi Sotsiaalmaja on J\u00f5hvi valla hoolendeasutus, mille tegevuse p\u00f5hieesm\u00e4rgiks on eluasemeteenuse osutamine m\u00f5juval p\u00f5hjusel elamispinnast ilmaj\u00e4\u00e4nud J\u00f5hvi valla elanikele. K\u00e4esolev EESKIRI on \u00fc\u00fcrilepingu koostisosaks ning kuulub \u00fc\u00fcrnike poolt t\u00e4itmisele. Sotsiaalmaja on avatud kella 6.00-st kuni kella 23.00-nt \u00f5htul. Kella 23.00-6.00 on \u00f6\u00f6rahu ja maja on suletud. Elanikud, kes peavad [&hellip;]<\/p>\n","protected":false},"author":1,"featured_media":0,"parent":0,"menu_order":0,"comment_status":"closed","ping_status":"closed","template":"","meta":{"ngg_post_thumbnail":0,"footnotes":""},"class_list":["post-38","page","type-page","status-publish","hentry"],"_links":{"self":[{"href":"https:\/\/sotsiaalmaja.johvi.ee\/index.php?rest_route=\/wp\/v2\/pages\/38","targetHints":{"allow":["GET"]}}],"collection":[{"href":"https:\/\/sotsiaalmaja.johvi.ee\/index.php?rest_route=\/wp\/v2\/pages"}],"about":[{"href":"https:\/\/sotsiaalmaja.johvi.ee\/index.php?rest_route=\/wp\/v2\/types\/page"}],"author":[{"embeddable":true,"href":"https:\/\/sotsiaalmaja.johvi.ee\/index.php?rest_route=\/wp\/v2\/users\/1"}],"replies":[{"embeddable":true,"href":"https:\/\/sotsiaalmaja.johvi.ee\/index.php?rest_route=%2Fwp%2Fv2%2Fcomments&post=38"}],"version-history":[{"count":3,"href":"https:\/\/sotsiaalmaja.johvi.ee\/index.php?rest_route=\/wp\/v2\/pages\/38\/revisions"}],"predecessor-version":[{"id":279,"href":"https:\/\/sotsiaalmaja.johvi.ee\/index.php?rest_route=\/wp\/v2\/pages\/38\/revisions\/279"}],"wp:attachment":[{"href":"https:\/\/sotsiaalmaja.johvi.ee\/index.php?rest_route=%2Fwp%2Fv2%2Fmedia&parent=38"}],"curies":[{"name":"wp","href":"https:\/\/api.w.org\/{rel}","templated":true}]}}