{"id":30,"date":"2021-09-13T15:51:31","date_gmt":"2021-09-13T12:51:31","guid":{"rendered":"https:\/\/192.168.3.231\/?page_id=30"},"modified":"2021-09-14T14:05:47","modified_gmt":"2021-09-14T11:05:47","slug":"johvi-sotsiaalmaja-videovalvesusteemi-kasutamise-kord","status":"publish","type":"page","link":"https:\/\/sotsiaalmaja.johvi.ee\/?page_id=30","title":{"rendered":"J\u00f5hvi Sotsiaalmaja videovalves\u00fcsteemi  kasutamise kord"},"content":{"rendered":"<h3>\u00a01. \u00dclds\u00e4te<\/h3>\n<p>1.1 \u00a0K\u00e4esolevas korras m\u00e4\u00e4ratakse kindlaks j\u00e4lgimisseadmestiku kasutamise p\u00f5him\u00f5tted J\u00f5hvi Sotsiaalmaja, aadressil J\u00f5hvi Kaare tn 7, asub 15\u00a0 videokaamerat ning nendest on hoonel v\u00e4lisfassaadil 4 videokaamerat. K\u00f5ikidel kaameratel on otsevaade, mida n\u00e4eb korrapidaja ja k\u00f5ik kaamerapildid salvestatakse arhiivi, mida on v\u00f5imalik n\u00e4ha\u00a0 korrapidaja\u00a0 juures, direktori loal.<\/p>\n<p>&nbsp;<\/p>\n<p><strong>2.M\u00f5isted<\/strong><\/p>\n<p>2.1 J\u00e4lgimisseadmestik on tehniliste vahendite s\u00fcsteem, mis linnakantselei hoonete v\u00e4lisseinale v\u00f5i siseruumi paigaldatud statsionaarse turvakaamera abil edastab reaalajas pildi, salvestab selle ning v\u00f5imaldab seda t\u00f6\u00f6delda ja taasesitada.<\/p>\n<p>2.2 Salvestis on pildi ja muude andmete elektrooniline kogum.<\/p>\n<p>2.3 Turvakaamera on j\u00e4lgimist ja salvestamist v\u00f5imaldav seade.<\/p>\n<p>2.4 Salvestise t\u00f6\u00f6tleja on Sotsiaalmaja t\u00f6\u00f6taja( korrapidaja).<\/p>\n<p>2.5 Salvestise vastutav t\u00f6\u00f6tleja on Sotsiaalmaja poolt andmeid t\u00f6\u00f6tlema volitatud isik.<\/p>\n<p>2.6 Andmesubjekt on isik, kelle kohta andmeid t\u00f6\u00f6deldakse.<\/p>\n<p><strong>\u00a0<\/strong><\/p>\n<ol start=\"3\">\n<li><strong> J\u00e4lgimisseadmestiku kasutamise eesm\u00e4rgid ja turvakaamerate paigaldamine<\/strong><\/li>\n<\/ol>\n<p>3.1 J\u00e4lgimisseadmestikku kasutatakse Sotsiaalmaja valduses oleva ja Sotsiaalmaja kuuluva vara ning Sotsiaalmaja territooriumil viibivate isikute kaitseks, st vara s\u00e4ilimist ja isikute turvalisust ohustava olukorra ennetamiseks, ohuolukorrale reageerimiseks ning isiku surma p\u00f5hjustamise v\u00f5i tervise v\u00f5i vara kahjustamise korral s\u00fc\u00fcteo toimepanija v\u00f5i kahju tekitaja v\u00e4ljaselgitamiseks.<\/p>\n<p>3.2 J\u00e4lgimisseadmestikku ei ole lubatud kasutada helisalvestiste tegemiseks.<\/p>\n<p>3.3 Reaalajas j\u00e4lgib valvet\u00f6\u00f6taja turvakaamera pilti ohu kahtluse v\u00f5i ohuolukorra korral v\u00f5i korrarikkumise kohta teate saamisel. Turvakaamerate salvestisi vaadatakse vajaduse korral.<\/p>\n<p>3.4 Enne j\u00e4lgimisseadmestiku kasutusele v\u00f5tmist peab anal\u00fc\u00fcsima:<\/p>\n<p>3.4.1 v\u00f5imalikke ohte isikute turvalisusele ja vara s\u00e4ilimisele ning avalike \u00fclesannete t\u00e4itmisel tekkida v\u00f5ivaid ohte, nende t\u00f5sidust ja esinemise t\u00f5en\u00e4osust;<\/p>\n<p>3.4.2 alternatiivsete ohu t\u00f5rjumise meetmete kasutusele v\u00f5tmise v\u00f5imalusi.<\/p>\n<p>3.5 J\u00e4lgimisseadmeid v\u00f5ib paigaldada ainult punktis 3.1 nimetatud eesm\u00e4rgi saavutamiseks ja juhul, kui see on punktis 3.4 kirjeldatud anal\u00fc\u00fcsi kohaselt p\u00f5hjendatud.<\/p>\n<p>3.6 J\u00e4lgimisseadmestiku tehniliste v\u00f5imaluste valikul, turvakaamerate asukohtade valikul, paigaldamisel ja kasutamisel tuleb l\u00e4htuda isikuandmete t\u00f6\u00f6tlemise p\u00f5him\u00f5tetest. J\u00e4lgimisseadmestik tuleb valida selliselt, et selle abil kogutud andmete puhul on tagatud andmete terviklikkus, k\u00e4ideldavus ja konfidentsiaalsus.<\/p>\n<p>3.7 Turvakaamera(te) asukoha(d) otsustab\u00a0 J\u00f5hvi Sotsiaalmaja direktor.<\/p>\n<p>&nbsp;<\/p>\n<ol start=\"4\">\n<li><strong> J\u00e4lgimisseadmestikule ja selle kasutamisele esitatavad n\u00f5uded<\/strong><\/li>\n<\/ol>\n<p>4.1 J\u00e4lgimisseadmestiku abil saadud andmete t\u00f6\u00f6tlemisel tuleb tagada sellised organisatsioonilised, f\u00fc\u00fcsilised ja infotehnilised turvameetmed, mis kaitsevad j\u00e4lgimisseadmestiku abil kogutud andmeid tahtmatu v\u00f5i volitamata j\u00e4lgimise, kopeerimise, muutmise, teisaldamise ja kustutamise eest.<\/p>\n<p>4.2 J\u00e4lgimisseadmestiku server asub\u00a0 korrapidaja kabinetis\u00a0 kuhu\u00a0 ei p\u00e4\u00e4s v\u00f5\u00f5rad\u00a0 isikud.<\/p>\n<p>4.3 J\u00e4lgimisseadmestik peab olema valitud ja seadistatud selliselt, et salvestise vastutav t\u00f6\u00f6tleja siseneb s\u00fcsteemi kasutajanime ja parooliga ning tagantj\u00e4rele on v\u00f5imalik kindlaks teha, kes, millal ja milliseid andmeid t\u00f6\u00f6tles (vaatas, salvestas, muutis v\u00f5i kustutas).<\/p>\n<p>&nbsp;<\/p>\n<ol start=\"5\">\n<li><strong> Salvestise t\u00f6\u00f6tlemine ja kasutamine<\/strong><\/li>\n<\/ol>\n<p>5.1 \u00d5igustatud huvi korral tagatakse salvestisele juurdep\u00e4\u00e4s j\u00e4rgmistele isikutele ja ametiasutustele: 5.1.1 andmesubjekt;<\/p>\n<p>5.1.2 Politsei- ja Piirivalveamet avaliku korra rikkumise v\u00f5i vara kahjustamise korral kriminaalv\u00f5i v\u00e4\u00e4rteomenetluseks;<\/p>\n<p>5.1.3 muud isikud ja ametiasutused, kellel on seaduse kohaselt salvestisele ligip\u00e4\u00e4su \u00f5igus.<\/p>\n<p>5.2 Andmesubjekt peab salvestisele juurdep\u00e4\u00e4suks esitama kirjaliku taotluse, m\u00e4rkides salvestisele juurdep\u00e4\u00e4su soovimise p\u00f5hjuse ning aja ja koha, mille kohta ta salvestist n\u00e4ha soovib.<\/p>\n<p>5.3 Salvestise t\u00f6\u00f6tlejal on \u00f5igus j\u00e4tta andmesubjekti taotlus rahuldamata ning mitte lubada salvestisele juurdep\u00e4\u00e4su, kui taotlejale ei ole v\u00f5imalik n\u00e4idata tema kohta kogutud andmeid nii, et need ei kahjustaks teiste isikute huve.<\/p>\n<p>5.4 Punktis 5.1.2 v\u00f5i 5.1.3 nimetatud isik v\u00f5i ametiasutus esitab salvestise t\u00f6\u00f6tlejale andmetele juurdep\u00e4\u00e4suks kirjalikku taasesitamist v\u00f5imaldavas vormis taotluse, m\u00e4rkides, millise toiminguga seoses ta salvestisele juurdep\u00e4\u00e4su soovib.<\/p>\n<p>5.5 J\u00e4lgimisseadmestiku abil kogutud andmete n\u00f5uetekohase t\u00f6\u00f6tlemise (kogumise, s\u00e4ilitamise, kustutamise ning taasesitamise) eest vastutab salvestise vastutav t\u00f6\u00f6tleja, kes on J\u00f5hvi Sotsiaalmaja korrapidaja. Lisaks on j\u00e4lgimisseadmestiku abil kogutud isikuandmetele juurdep\u00e4\u00e4s ning kohustus tagada andmete n\u00f5uetekohane t\u00f6\u00f6tlemine ,\u00a0 Sotsiaalmaja direktoril\u00a0 Tel. 33 70 130 ning turva- ja n\u00f5erkvooluseadmete hooldajal USS Tel.1899<\/p>\n<p>5.6 Taotlusi s\u00e4ilitatakse Sotsiaalmajas \u00fcks aasta.<\/p>\n<p><strong>\u00a0<\/strong><\/p>\n<ol start=\"6\">\n<li><strong> Salvestise s\u00e4ilitamine<\/strong><\/li>\n<\/ol>\n<p>6.1 Salvestite pildiarhiiv s\u00e4ilib kolm n\u00e4dalat, peale seda\u00a0 kirjutatakse salvestite poolt vanem informatsioon automaatselt \u00fcle.<\/p>\n<p>&nbsp;<\/p>\n<ol start=\"7\">\n<li><strong> Teenistujate ja avalikkuse teavitamine j\u00e4lgimisseadmestikust<\/strong><\/li>\n<\/ol>\n<p><strong>\u00a0<\/strong>7.1 J\u00e4lgimisseadmestiku kasutamisest tuleb teavitada Sotsiaalmaja teenistujaid ja avalikkust.<\/p>\n<p>7.2 Sotsiaalmaja hoonete j\u00e4lgimisseadmestikust peab avalikkust teavitama Sotsiaalmaja veebilehe kaudu.<\/p>\n<p>7.3 Sotsiaalmaja peab oma veebilehel avaldatud privaatsuspoliitikas avaldama j\u00e4lgimisseadmestiku kohta v\u00e4hemalt j\u00e4rgmised andmed:<\/p>\n<p>7.3.1 j\u00e4lgimisseadmestiku kasutamise eesm\u00e4rk ja \u00f5iguslik alus;<\/p>\n<p>7.3.2 salvestise vastutava t\u00f6\u00f6tleja andmed (t\u00f6\u00f6koht, telefon, e-post);<\/p>\n<p>7.3.3 andmed salvestise s\u00e4ilitamise, sellele juurdep\u00e4\u00e4su ja salvestise v\u00f5imaliku edastamise kohta; 7.3.4 teave andmetele juurdep\u00e4\u00e4su taotlemise kohta.<\/p>\n<p>7.4\u00a0 Sotsiaalmaja\u00a0 hoonetes kasutatava j\u00e4lgimisseadmestiku puhul peab hoone v\u00e4lisseinale v\u00f5i uksele paigaldama teabetahvli, millel on kaamera kujutis ja s\u00f5na \u201eVIDEOVALVE\u201c. Teabetahvlile m\u00e4rgitakse salvestise t\u00f6\u00f6tleja (Sotsiaalmaja) ja salvestise vastutava t\u00f6\u00f6tleja telefoninumber.<\/p>\n<p>7.5 Sotsiaalmaja teenistujaid teavitatakse j\u00e4lgimisseadmestiku kasutamisest ning selgitatakse j\u00e4lgimisseadmestiku kasutamise eesm\u00e4rki kahjustamata teenistujate \u00f5igusi isikuandmete kaitse valdkonnas.<\/p>\n<p>7.6 K\u00f5ik isikuandmete t\u00f6\u00f6tlejad peavad saama asjakohase v\u00e4lja\u00f5ppe.<\/p>\n<p>7.7\u00a0 S\u00e4testatakse \u201eTurvaseaduse&#8221; \u00a7 11 (3) ja \u201eIsikuandmekaitse seaduse&#8221; alusel.<\/p>\n","protected":false},"excerpt":{"rendered":"<p>\u00a01. \u00dclds\u00e4te 1.1 \u00a0K\u00e4esolevas korras m\u00e4\u00e4ratakse kindlaks j\u00e4lgimisseadmestiku kasutamise p\u00f5him\u00f5tted J\u00f5hvi Sotsiaalmaja, aadressil J\u00f5hvi Kaare tn 7, asub 15\u00a0 videokaamerat ning nendest on hoonel v\u00e4lisfassaadil 4 videokaamerat. K\u00f5ikidel kaameratel on otsevaade, mida n\u00e4eb korrapidaja ja k\u00f5ik kaamerapildid salvestatakse arhiivi, mida on v\u00f5imalik n\u00e4ha\u00a0 korrapidaja\u00a0 juures, direktori loal. &nbsp; 2.M\u00f5isted 2.1 J\u00e4lgimisseadmestik on tehniliste vahendite s\u00fcsteem, [&hellip;]<\/p>\n","protected":false},"author":1,"featured_media":0,"parent":0,"menu_order":0,"comment_status":"closed","ping_status":"closed","template":"","meta":{"ngg_post_thumbnail":0,"footnotes":""},"class_list":["post-30","page","type-page","status-publish","hentry"],"_links":{"self":[{"href":"https:\/\/sotsiaalmaja.johvi.ee\/index.php?rest_route=\/wp\/v2\/pages\/30","targetHints":{"allow":["GET"]}}],"collection":[{"href":"https:\/\/sotsiaalmaja.johvi.ee\/index.php?rest_route=\/wp\/v2\/pages"}],"about":[{"href":"https:\/\/sotsiaalmaja.johvi.ee\/index.php?rest_route=\/wp\/v2\/types\/page"}],"author":[{"embeddable":true,"href":"https:\/\/sotsiaalmaja.johvi.ee\/index.php?rest_route=\/wp\/v2\/users\/1"}],"replies":[{"embeddable":true,"href":"https:\/\/sotsiaalmaja.johvi.ee\/index.php?rest_route=%2Fwp%2Fv2%2Fcomments&post=30"}],"version-history":[{"count":1,"href":"https:\/\/sotsiaalmaja.johvi.ee\/index.php?rest_route=\/wp\/v2\/pages\/30\/revisions"}],"predecessor-version":[{"id":31,"href":"https:\/\/sotsiaalmaja.johvi.ee\/index.php?rest_route=\/wp\/v2\/pages\/30\/revisions\/31"}],"wp:attachment":[{"href":"https:\/\/sotsiaalmaja.johvi.ee\/index.php?rest_route=%2Fwp%2Fv2%2Fmedia&parent=30"}],"curies":[{"name":"wp","href":"https:\/\/api.w.org\/{rel}","templated":true}]}}