{"id":24,"date":"2021-09-13T15:32:04","date_gmt":"2021-09-13T12:32:04","guid":{"rendered":"https:\/\/192.168.3.231\/?page_id=24"},"modified":"2021-09-14T14:05:48","modified_gmt":"2021-09-14T11:05:48","slug":"personal","status":"publish","type":"page","link":"https:\/\/sotsiaalmaja.johvi.ee\/?page_id=24","title":{"rendered":"Personal"},"content":{"rendered":"<p>Sotsiaalmajal on 12 t\u00f6\u00f6tajat: direktor, majandusjuhataja, sotsiaalt\u00f6\u00f6taja,\u00a0\u00a0 majandust\u00f6\u00f6line, 5 korrapidajat, 2 koristajat ja toidujagaja.Nii uute t\u00f6\u00f6tajate ning vabatahtlike v\u00e4rbamisel kui ka t\u00f6\u00f6tajate arendamisel v\u00e4\u00e4rtustame teadmisi, kogemusi ja kompetentse, mis aitavad kaasa sotsiaalmaja teenuse pakkumisele. Kvaliteetse sotsiaalteenuse osutamiseks on vajalik pidev\u00a0 t\u00f6\u00f6tajate oskuste ja teadmiste t\u00e4iendamine. Seda nii l\u00e4bi koolituste kui ka analoogsete teenuste osutajatega kogemuste vahetamise teel.<\/p>\n<p>Sotsiaalmaja koosneb korpustest: eluruumide korpused (suur ja v\u00e4ike), kodutute\u00a0 \u00f6\u00f6maja korpus ja supik\u00f6\u00f6k.<\/p>\n<p><strong>Sotsiaalmaja eluruumide fondi moodustavad\u00a0<\/strong> 143 tuba, millest on h\u00f5ivatud 69. Seni on asustamata osas 74 tuba. Edasise arengu k\u00e4igus toimub vabade\u00a0 pindade remontimine, et uued elanikud saaksid sisse kolida. Antud momendil elupinnast puudus ei ole. Katsetatud on kahest toast \u00fche v\u00e4ikekorteri moodustamist koos sanitaarremondiga, mis on andnud positiivset tulemit ja v\u00f5iks olla motivatsiooniks sotsiaalmaja asukatele p\u00e4\u00e4seda eeskujuliku distsipliini korral paremale ning pisut suuremale elamispinnale. Samuti aitab see l\u00f5hkuda kogukonnas kujunenud stereot\u00fc\u00fcpi, et sotsiaalmajja l\u00e4hevad elama vaid s\u00f5ltlased v\u00f5i heitunud. V\u00e4ikekorteri v\u00f5ib saada ajutiseks elamispinnaks ka n\u00e4iteks muul p\u00f5hjusel oma eluaseme kaotanud inimesed (nt oma eluasemes toimunud p\u00f5leng, v\u00f5lgade t\u00f5ttu v\u00f5i pereprobleemide t\u00f5ttu eluasemest ilmaj\u00e4\u00e4mine jms).<\/p>\n<p>Sotsiaalmaja eluruumidesse majutatamisel on l\u00e4htutud teenusel oleva inimese elueast, tervislikust seisundist ja k\u00e4itumise tasemest.<\/p>\n<p><strong>Kodutute \u00f6\u00f6maja.<\/strong><\/p>\n<p>Kodutute \u00f6\u00f6maja kohtade arv on J\u00f5hvi valla vajadusteks piisav ning eksisteerib isegi teatav \u00fclev\u00f5imsus, mis v\u00f5imaldab aeg-ajalt teenust pakkuda ka v\u00e4ljaspoolt valda p\u00e4rinevatele inimestele. Arvestades J\u00f5hvi keskset asupaika maakonnas, on \u00fclev\u00f5imsuse s\u00e4ilitamine humaanses plaanis \u00f5igustatud ja m\u00f6\u00f6dap\u00e4\u00e4smatu. Sotsiaalmajas on kodutute \u00f6\u00f6maja teenust\u00a0 osutatud Kohtla-J\u00e4rve, Narva, Tallinna ning Toila valla ja J\u00f5hvi valla elanikele, m\u00f5nel korral ka v\u00e4lisriikide kodanikele.<\/p>\n<p>\u00d6\u00f6majas pakutakse kodututele teed, leiba ja puljongit. Samuti on kodutul siin ka pesemise v\u00f5imalus.<\/p>\n<p><strong>Supik\u00f6\u00f6k.<\/strong><\/p>\n<p>J\u00f5hvi Sotsiaalmaja osutab supik\u00f6\u00f6gi teenust J\u00f5hvi valla eelarvest eraldatud rahaliste vahendite ulatuses. 2019. aastal oli teenuseks etten\u00e4htud summa 1000 eurot. 2020. aasta eelarves on supik\u00f6\u00f6gi teenuseks ette n\u00e4htud 5000 eurot.<\/p>\n<p class=\"Standard\"><b>Eeldatavad<u> <\/u>kulud ja tulud aastatel 2019-2024<\/b><\/p>\n<table style=\"border-collapse: collapse; width: 109.6%; height: 220px;\">\n<tbody>\n<tr style=\"height: 24px;\">\n<td style=\"width: 16.0376%; height: 10px;\"><strong>Kulu liik<\/strong><\/td>\n<td style=\"width: 12.5338%; height: 10px;\"><strong>2019<\/strong><\/td>\n<td style=\"width: 14.2857%; height: 10px;\"><strong>2020<\/strong><\/td>\n<td style=\"width: 14.2857%; height: 10px;\"><strong>2021<\/strong><\/td>\n<td style=\"width: 14.2857%; height: 10px;\"><strong>2022<\/strong><\/td>\n<td style=\"width: 14.2857%; height: 10px;\"><strong>2023<\/strong><\/td>\n<td style=\"width: 14.2857%; height: 10px;\"><strong>2024<\/strong><\/td>\n<\/tr>\n<tr style=\"height: 10px;\">\n<td style=\"width: 16.0376%; height: 10px;\" width=\"117\"><strong>\u00a0<\/strong>Investeeringud<\/td>\n<td style=\"height: 10px;\" width=\"70\">20 800<\/td>\n<td style=\"height: 10px;\" width=\"70\">&nbsp;<\/td>\n<td style=\"height: 10px;\" width=\"70\">50 000<\/td>\n<td style=\"height: 10px;\" width=\"70\">160 000<\/td>\n<td style=\"height: 10px;\" width=\"70\">160 000<\/td>\n<td style=\"height: 10px;\" width=\"107\">&nbsp;<\/td>\n<\/tr>\n<tr style=\"height: 44px;\">\n<td style=\"width: 16.0376%; height: 10px;\" width=\"117\">Tegevuskulud<\/td>\n<td style=\"height: 10px;\" width=\"70\">248 878<\/td>\n<td style=\"height: 10px;\" width=\"70\">257 200<\/td>\n<td style=\"height: 10px;\" width=\"70\">270 000<\/td>\n<td style=\"height: 10px;\" width=\"70\">270 000<\/td>\n<td style=\"height: 10px;\" width=\"70\">280 000<\/td>\n<td style=\"height: 10px;\" width=\"107\">280 000<\/td>\n<\/tr>\n<tr style=\"height: 44px;\">\n<td style=\"width: 16.0376%; height: 10px;\" width=\"117\">Personalikulud<\/td>\n<td style=\"height: 10px;\" width=\"70\">148 747<\/td>\n<td style=\"height: 10px;\" width=\"70\">168 900<\/td>\n<td style=\"height: 10px;\" width=\"70\">170 000<\/td>\n<td style=\"height: 10px;\" width=\"70\">170 000<\/td>\n<td style=\"height: 10px;\" width=\"70\">175 000<\/td>\n<td style=\"height: 10px;\" width=\"107\">175 000<\/td>\n<\/tr>\n<tr style=\"height: 44px;\">\n<td style=\"width: 16.0376%; height: 10px;\" width=\"117\">Majandamiskulud<\/td>\n<td style=\"height: 10px;\" width=\"70\">100 131<\/td>\n<td style=\"height: 10px;\" width=\"70\">88 300<\/td>\n<td style=\"height: 10px;\" width=\"70\">100 000<\/td>\n<td style=\"height: 10px;\" width=\"70\">100 000<\/td>\n<td style=\"height: 10px;\" width=\"70\">105 000<\/td>\n<td style=\"height: 10px;\" width=\"107\">105 000<\/td>\n<\/tr>\n<tr style=\"height: 44px;\">\n<td style=\"width: 16.0376%; height: 10px;\" width=\"117\"><strong>Omatulud<\/strong><\/td>\n<td style=\"height: 10px;\" width=\"70\">70 000<\/td>\n<td style=\"height: 10px;\" width=\"70\">65 000<\/td>\n<td style=\"height: 10px;\" width=\"70\">75 000<\/td>\n<td style=\"height: 10px;\" width=\"70\">75 000<\/td>\n<td style=\"height: 10px;\" width=\"70\">80 000<\/td>\n<td style=\"height: 10px;\" width=\"107\">80 000<\/td>\n<\/tr>\n<\/tbody>\n<\/table>\n","protected":false},"excerpt":{"rendered":"<p>Sotsiaalmajal on 12 t\u00f6\u00f6tajat: direktor, majandusjuhataja, sotsiaalt\u00f6\u00f6taja,\u00a0\u00a0 majandust\u00f6\u00f6line, 5 korrapidajat, 2 koristajat ja toidujagaja.Nii uute t\u00f6\u00f6tajate ning vabatahtlike v\u00e4rbamisel kui ka t\u00f6\u00f6tajate arendamisel v\u00e4\u00e4rtustame teadmisi, kogemusi ja kompetentse, mis aitavad kaasa sotsiaalmaja teenuse pakkumisele. Kvaliteetse sotsiaalteenuse osutamiseks on vajalik pidev\u00a0 t\u00f6\u00f6tajate oskuste ja teadmiste t\u00e4iendamine. Seda nii l\u00e4bi koolituste kui ka analoogsete teenuste osutajatega kogemuste [&hellip;]<\/p>\n","protected":false},"author":1,"featured_media":0,"parent":0,"menu_order":0,"comment_status":"closed","ping_status":"closed","template":"","meta":{"ngg_post_thumbnail":0,"footnotes":""},"class_list":["post-24","page","type-page","status-publish","hentry"],"_links":{"self":[{"href":"https:\/\/sotsiaalmaja.johvi.ee\/index.php?rest_route=\/wp\/v2\/pages\/24","targetHints":{"allow":["GET"]}}],"collection":[{"href":"https:\/\/sotsiaalmaja.johvi.ee\/index.php?rest_route=\/wp\/v2\/pages"}],"about":[{"href":"https:\/\/sotsiaalmaja.johvi.ee\/index.php?rest_route=\/wp\/v2\/types\/page"}],"author":[{"embeddable":true,"href":"https:\/\/sotsiaalmaja.johvi.ee\/index.php?rest_route=\/wp\/v2\/users\/1"}],"replies":[{"embeddable":true,"href":"https:\/\/sotsiaalmaja.johvi.ee\/index.php?rest_route=%2Fwp%2Fv2%2Fcomments&post=24"}],"version-history":[{"count":4,"href":"https:\/\/sotsiaalmaja.johvi.ee\/index.php?rest_route=\/wp\/v2\/pages\/24\/revisions"}],"predecessor-version":[{"id":28,"href":"https:\/\/sotsiaalmaja.johvi.ee\/index.php?rest_route=\/wp\/v2\/pages\/24\/revisions\/28"}],"wp:attachment":[{"href":"https:\/\/sotsiaalmaja.johvi.ee\/index.php?rest_route=%2Fwp%2Fv2%2Fmedia&parent=24"}],"curies":[{"name":"wp","href":"https:\/\/api.w.org\/{rel}","templated":true}]}}