{"id":20,"date":"2021-09-13T15:23:18","date_gmt":"2021-09-13T12:23:18","guid":{"rendered":"https:\/\/192.168.3.231\/?page_id=20"},"modified":"2021-09-17T10:24:12","modified_gmt":"2021-09-17T07:24:12","slug":"ajalugu","status":"publish","type":"page","link":"https:\/\/sotsiaalmaja.johvi.ee\/?page_id=20","title":{"rendered":"Ajaloost"},"content":{"rendered":"<p>19. detsembril 2002. a v\u00f5ttis J\u00f5hvi Linnavolikogu vastu m\u00e4\u00e4ruse nr 3, millega moodustati endise \u00fchiselamu baasil aadressil J\u00f5hvi Kaare 7 linnavalitsuse poolt hallatav J\u00f5hvi Linna Sotsiaalmaja.<\/p>\n<p>Samal istungil kinnitati ka p\u00f5him\u00e4\u00e4rus, millega s\u00e4testati Sotsiaalmaja&nbsp; p\u00f5hieesm\u00e4rgid ja struktuur.<\/p>\n<p>P\u00f5him\u00e4\u00e4ruses s\u00e4testati, et sotsiaalmaja on hoolekandeasutus, mille tegevuse&nbsp; p\u00f5hieesm\u00e4rgiks on eluasemeteenuse osutamine m\u00f5juval p\u00f5hjusel elamispinnast ilmaj\u00e4\u00e4nud J\u00f5hvi linna majanduslikult v\u00e4hekindlustatud isikutele ja peredele, lastekodust tulevatele elluastujatele, kinnipidamise kohtadest vabanenutele, sotsiaalse garantiideta&nbsp; j\u00e4\u00e4nud isikutele (kodututele).<\/p>\n<p>20.04.2006 a m\u00e4\u00e4rusega nr 27 v\u00f5ttis J\u00f5hvi vallavolikogu vastu J\u00f5hvi Linna Sotsiaalmaja nimetuse muutmise ja p\u00f5him\u00e4\u00e4ruse uue redaktsiooni kinnitamise struktuurina:<\/p>\n<ol>\n<li>Eluasemeteenust osutav J\u00f5hvi Sotsiaalmaja<\/li>\n<li>J\u00f5hvi Kodutute Varjupaik<\/li>\n<li>J\u00f5hvi Supik\u00f6\u00f6k.<\/li>\n<\/ol>\n<p>17.12.2009 a kinnitas J\u00f5hvi vallavolikogu&nbsp; m\u00e4\u00e4rusega nr 27 J\u00f5hvi Vallavolikogu&nbsp; p\u00f5him\u00e4\u00e4ruse uue redaktsiooni J\u00f5hvi Sotsiaalmaja struktuuri kuulub J\u00f5hvi Kodutute \u00d6\u00f6maja ja J\u00f5hvi Supik\u00f6\u00f6k.<\/p>\n<p>13.01.2010 a nimetati sotsiaalmaja hoolekogu liikmed ning valiti hoolekogu esimees. Hoolekogu korralised koosolekud toimusid kord kvartalis.<\/p>\n<p>17.09.2019 J\u00f5hvi Vallavalitsuse korraldusega nr 1499 kinnitati Sotsiaalmaja hoolekogu uus koosseis.<\/p>\n","protected":false},"excerpt":{"rendered":"<p>19. detsembril 2002. a v\u00f5ttis J\u00f5hvi Linnavolikogu vastu m\u00e4\u00e4ruse nr 3, millega moodustati endise \u00fchiselamu baasil aadressil J\u00f5hvi Kaare 7 linnavalitsuse poolt hallatav J\u00f5hvi Linna Sotsiaalmaja. Samal istungil kinnitati ka p\u00f5him\u00e4\u00e4rus, millega s\u00e4testati Sotsiaalmaja&nbsp; p\u00f5hieesm\u00e4rgid ja struktuur. P\u00f5him\u00e4\u00e4ruses s\u00e4testati, et sotsiaalmaja on hoolekandeasutus, mille tegevuse&nbsp; p\u00f5hieesm\u00e4rgiks on eluasemeteenuse osutamine m\u00f5juval p\u00f5hjusel elamispinnast ilmaj\u00e4\u00e4nud J\u00f5hvi linna [&hellip;]<\/p>\n","protected":false},"author":1,"featured_media":0,"parent":0,"menu_order":0,"comment_status":"closed","ping_status":"closed","template":"","meta":{"ngg_post_thumbnail":0,"footnotes":""},"class_list":["post-20","page","type-page","status-publish","hentry"],"_links":{"self":[{"href":"https:\/\/sotsiaalmaja.johvi.ee\/index.php?rest_route=\/wp\/v2\/pages\/20","targetHints":{"allow":["GET"]}}],"collection":[{"href":"https:\/\/sotsiaalmaja.johvi.ee\/index.php?rest_route=\/wp\/v2\/pages"}],"about":[{"href":"https:\/\/sotsiaalmaja.johvi.ee\/index.php?rest_route=\/wp\/v2\/types\/page"}],"author":[{"embeddable":true,"href":"https:\/\/sotsiaalmaja.johvi.ee\/index.php?rest_route=\/wp\/v2\/users\/1"}],"replies":[{"embeddable":true,"href":"https:\/\/sotsiaalmaja.johvi.ee\/index.php?rest_route=%2Fwp%2Fv2%2Fcomments&post=20"}],"version-history":[{"count":3,"href":"https:\/\/sotsiaalmaja.johvi.ee\/index.php?rest_route=\/wp\/v2\/pages\/20\/revisions"}],"predecessor-version":[{"id":239,"href":"https:\/\/sotsiaalmaja.johvi.ee\/index.php?rest_route=\/wp\/v2\/pages\/20\/revisions\/239"}],"wp:attachment":[{"href":"https:\/\/sotsiaalmaja.johvi.ee\/index.php?rest_route=%2Fwp%2Fv2%2Fmedia&parent=20"}],"curies":[{"name":"wp","href":"https:\/\/api.w.org\/{rel}","templated":true}]}}