{"id":18,"date":"2021-09-13T15:21:44","date_gmt":"2021-09-13T12:21:44","guid":{"rendered":"https:\/\/192.168.3.231\/?page_id=18"},"modified":"2021-09-14T14:05:48","modified_gmt":"2021-09-14T11:05:48","slug":"missioon-ja-visioon","status":"publish","type":"page","link":"https:\/\/sotsiaalmaja.johvi.ee\/?page_id=18","title":{"rendered":"Missioon ja visioon"},"content":{"rendered":"<p>Sotsiaalmaja tegevuse eesm\u00e4rk on abi vajavate isikute sotsiaalne integreerimine \u00fchiskonda, soodustades isiku iseseisvat toimetulekut ning vastutust enda ja oma perekonnaliikmete eest.<\/p>\n<p>Eesm\u00e4rgist tulenevalt on sotsiaalmajal j\u00e4rgmised \u00fclesanded:<br \/>\nsotsiaalmaja elanikele elamisv\u00e4\u00e4rse elukeskkonna tagamiseks eluasemeteenuse osutamine ja kommunaalteenuste osutamise korraldamine;<br \/>\nabi vajavate isikute n\u00f5ustamine ja sotsiaalne rehabilitatsioon;<br \/>\nv\u00e4ltimatu sotsiaalabi osutamine sotsiaalse garantiita isikutele (kodutud);<br \/>\nsupik\u00f6\u00f6giteenuse ja vajadusel soodsamatel tingimustel toitlustamise korraldamine \u00fcks kord p\u00e4evas;<br \/>\nisikliku h\u00fcgieeniga (pesemisv\u00f5imalus) seotud teenuste osutamise korraldamine;<br \/>\nv\u00f5imaluse korral tasuta riideabi osutamine;<br \/>\nsotsiaalteenuste osutamiseks majandustegevuse korraldamine;<br \/>\nkoost\u00f6\u00f6 erinevate valla hallatavate asutuste ja mittetulundus\u00fchingutega.<\/p>\n<p>Oma p\u00f5hi\u00fclesannete t\u00e4itmiseks v\u00f5ib sotsiaalmaja koguda isikuandmeid (perekonna- ja eesnimi, s\u00fcnniaeg, eelnev elukoht). Isikuandmete t\u00f6\u00f6tlemine toimub isikuandmete kaitse seaduses s\u00e4testatud korras.<\/p>\n","protected":false},"excerpt":{"rendered":"<p>Sotsiaalmaja tegevuse eesm\u00e4rk on abi vajavate isikute sotsiaalne integreerimine \u00fchiskonda, soodustades isiku iseseisvat toimetulekut ning vastutust enda ja oma perekonnaliikmete eest. Eesm\u00e4rgist tulenevalt on sotsiaalmajal j\u00e4rgmised \u00fclesanded: sotsiaalmaja elanikele elamisv\u00e4\u00e4rse elukeskkonna tagamiseks eluasemeteenuse osutamine ja kommunaalteenuste osutamise korraldamine; abi vajavate isikute n\u00f5ustamine ja sotsiaalne rehabilitatsioon; v\u00e4ltimatu sotsiaalabi osutamine sotsiaalse garantiita isikutele (kodutud); supik\u00f6\u00f6giteenuse ja vajadusel [&hellip;]<\/p>\n","protected":false},"author":1,"featured_media":0,"parent":0,"menu_order":0,"comment_status":"closed","ping_status":"closed","template":"","meta":{"ngg_post_thumbnail":0,"footnotes":""},"class_list":["post-18","page","type-page","status-publish","hentry"],"_links":{"self":[{"href":"https:\/\/sotsiaalmaja.johvi.ee\/index.php?rest_route=\/wp\/v2\/pages\/18","targetHints":{"allow":["GET"]}}],"collection":[{"href":"https:\/\/sotsiaalmaja.johvi.ee\/index.php?rest_route=\/wp\/v2\/pages"}],"about":[{"href":"https:\/\/sotsiaalmaja.johvi.ee\/index.php?rest_route=\/wp\/v2\/types\/page"}],"author":[{"embeddable":true,"href":"https:\/\/sotsiaalmaja.johvi.ee\/index.php?rest_route=\/wp\/v2\/users\/1"}],"replies":[{"embeddable":true,"href":"https:\/\/sotsiaalmaja.johvi.ee\/index.php?rest_route=%2Fwp%2Fv2%2Fcomments&post=18"}],"version-history":[{"count":1,"href":"https:\/\/sotsiaalmaja.johvi.ee\/index.php?rest_route=\/wp\/v2\/pages\/18\/revisions"}],"predecessor-version":[{"id":19,"href":"https:\/\/sotsiaalmaja.johvi.ee\/index.php?rest_route=\/wp\/v2\/pages\/18\/revisions\/19"}],"wp:attachment":[{"href":"https:\/\/sotsiaalmaja.johvi.ee\/index.php?rest_route=%2Fwp%2Fv2%2Fmedia&parent=18"}],"curies":[{"name":"wp","href":"https:\/\/api.w.org\/{rel}","templated":true}]}}