{"id":167,"date":"2021-09-14T13:07:57","date_gmt":"2021-09-14T10:07:57","guid":{"rendered":"https:\/\/192.168.3.231\/?page_id=167"},"modified":"2021-09-14T14:05:48","modified_gmt":"2021-09-14T11:05:48","slug":"teenused","status":"publish","type":"page","link":"https:\/\/sotsiaalmaja.johvi.ee\/?page_id=167","title":{"rendered":"Teenused"},"content":{"rendered":"<p><strong>Eluasemeteenus<\/strong><\/p>\n<p>J\u00f5hvi Sotsiaalmaja on hoolekandeasutus, mille tegevuse&nbsp; p\u00f5hieesm\u00e4rgiks on eluasemeteenuse osutamine m\u00f5juval p\u00f5hjusel elamispinnast ilmaj\u00e4\u00e4nud J\u00f5hvi linna majanduslikult v\u00e4hekindlustatud isikutele ja peredele, lastekodust tulevatele elluastujatele, kinnipidamise kohtadest vabanenutele, sotsiaalse garantiideta&nbsp; j\u00e4\u00e4nud isikutele (kodututele).<\/p>\n<p>Sotsiaalmaja eluruumide fondi moodustavad &nbsp;143 tuba, millest on h\u00f5ivatud 69. Seni on asustamata osas 74 tuba. Edasise arengu k\u00e4igus toimub vabade&nbsp; pindade remontimine, et uued elanikud saaksid sisse kolida. Antud momendil elupinnast puudus ei ole.<\/p>\n<p>Sotsiaalmaja eluruumidesse majutatamisel on l\u00e4htutud teenusel oleva inimese elueast, tervislikust seisundist ja k\u00e4itumise tasemest.<\/p>\n<p>&nbsp;<\/p>\n<p><strong>Kodutute varjupaik<\/strong><\/p>\n<p><strong>&nbsp;<\/strong>J\u00f5hvi kodutute varjupaiga k\u00e4sutuses on 113 m<sup>2<\/sup> pinda \u2013 kolm \u00f6\u00f6bimisruumi, (2 naistele ja lastele ning 1 meestele) kokku 18 kohta.<\/p>\n<p>Varjupaigas osutatakse ainult \u00f6\u00f6maja teenust. Samas on teenusel viibijatel v\u00f5imalus ennast pesta. V\u00f5imaluse ja vajaduse korral jagatakse ka \u00fcleriideid.<\/p>\n<p>Kohtade arv \u00f6\u00f6majas on piisav ning eksisteerib isegi teatav \u00fclev\u00f5imsus, mis v\u00f5imaldab aeg-ajalt teenust pakkuda ka v\u00e4ljaspoolt valda p\u00e4rinevatele inimestele. Arvestades J\u00f5hvi keskset asupaika maakonnas, on \u00fclev\u00f5imsuse s\u00e4ilitamine humaanses plaanis \u00f5igustatud ja m\u00f6\u00f6dap\u00e4\u00e4smatu. Sotsiaalmajas on kodutute \u00f6\u00f6maja teenust&nbsp; osutatud Kohtla-J\u00e4rve, Narva, Tallinna ning Toila valla ja J\u00f5hvi valla elanikele, m\u00f5nel korral ka v\u00e4lisriikide kodanikele.<\/p>\n<p>\u00d6\u00f6majas pakutakse kodututele teed, leiba ja puljongit.&nbsp;<\/p>\n<p>&nbsp;<\/p>\n<p><strong>Supik\u00f6\u00f6k<\/strong><\/p>\n<p><strong>&nbsp;<\/strong>Supik\u00f6\u00f6gi k\u00e4sutuses on 88 m<sup>2<\/sup> pinda. Supik\u00f6\u00f6gi teenust osutab J\u00f5hvi Sotsiaalmaja&nbsp; J\u00f5hvi Valla poolt eraldatud eelarveliste vahendite ulatuses. Toiduportsjon koosneb: soojendatud valmis supist v\u00f5i pudrust, kuum tee v\u00f5i morss ja 2 v\u00f5ileiba. Piiratud summa t\u00f5ttu toitlustatakse \u00fchel p\u00e4eval mitte rohkem kui 15-20 inimest, mis moodustab keskmiselt kokku 280-300 portsjonit 1 kuus. K\u00f6\u00f6gis on v\u00f5imalused toidu soojendamiseks, toiduainete s\u00e4ilitamiseks ja s\u00f6\u00f6gilauad. Toitlustamisega tegutseb toidujagaja, kelle \u00fclesandeks on samuti ka J\u00f5hvi Sotsiaalmaja elanike riiete pesemine ja supik\u00f6\u00f6gi ruumide korrashoid.<\/p>\n","protected":false},"excerpt":{"rendered":"<p>Eluasemeteenus J\u00f5hvi Sotsiaalmaja on hoolekandeasutus, mille tegevuse&nbsp; p\u00f5hieesm\u00e4rgiks on eluasemeteenuse osutamine m\u00f5juval p\u00f5hjusel elamispinnast ilmaj\u00e4\u00e4nud J\u00f5hvi linna majanduslikult v\u00e4hekindlustatud isikutele ja peredele, lastekodust tulevatele elluastujatele, kinnipidamise kohtadest vabanenutele, sotsiaalse garantiideta&nbsp; j\u00e4\u00e4nud isikutele (kodututele). Sotsiaalmaja eluruumide fondi moodustavad &nbsp;143 tuba, millest on h\u00f5ivatud 69. Seni on asustamata osas 74 tuba. Edasise arengu k\u00e4igus toimub vabade&nbsp; pindade [&hellip;]<\/p>\n","protected":false},"author":1,"featured_media":0,"parent":0,"menu_order":0,"comment_status":"closed","ping_status":"closed","template":"","meta":{"ngg_post_thumbnail":0,"footnotes":""},"class_list":["post-167","page","type-page","status-publish","hentry"],"_links":{"self":[{"href":"https:\/\/sotsiaalmaja.johvi.ee\/index.php?rest_route=\/wp\/v2\/pages\/167","targetHints":{"allow":["GET"]}}],"collection":[{"href":"https:\/\/sotsiaalmaja.johvi.ee\/index.php?rest_route=\/wp\/v2\/pages"}],"about":[{"href":"https:\/\/sotsiaalmaja.johvi.ee\/index.php?rest_route=\/wp\/v2\/types\/page"}],"author":[{"embeddable":true,"href":"https:\/\/sotsiaalmaja.johvi.ee\/index.php?rest_route=\/wp\/v2\/users\/1"}],"replies":[{"embeddable":true,"href":"https:\/\/sotsiaalmaja.johvi.ee\/index.php?rest_route=%2Fwp%2Fv2%2Fcomments&post=167"}],"version-history":[{"count":1,"href":"https:\/\/sotsiaalmaja.johvi.ee\/index.php?rest_route=\/wp\/v2\/pages\/167\/revisions"}],"predecessor-version":[{"id":168,"href":"https:\/\/sotsiaalmaja.johvi.ee\/index.php?rest_route=\/wp\/v2\/pages\/167\/revisions\/168"}],"wp:attachment":[{"href":"https:\/\/sotsiaalmaja.johvi.ee\/index.php?rest_route=%2Fwp%2Fv2%2Fmedia&parent=167"}],"curies":[{"name":"wp","href":"https:\/\/api.w.org\/{rel}","templated":true}]}}