{"id":115,"date":"2021-09-14T10:04:43","date_gmt":"2021-09-14T07:04:43","guid":{"rendered":"https:\/\/192.168.3.231\/?page_id=115"},"modified":"2021-11-18T09:22:21","modified_gmt":"2021-11-18T07:22:21","slug":"johvi-sotsiaalmaja-pohimaarus","status":"publish","type":"page","link":"https:\/\/sotsiaalmaja.johvi.ee\/?page_id=115","title":{"rendered":"J\u00f5hvi Sotsiaalmaja p\u00f5him\u00e4\u00e4rus"},"content":{"rendered":"<p>V\u00e4ljaandja: J\u00f5hvi Vallavolikogu<br \/>\nAkti liik: m\u00e4\u00e4rus<br \/>\nTeksti liik: algtekst-terviktekst<br \/>\nRedaktsiooni j\u00f5ustumise kp: 01.06.2015<br \/>\nRedaktsiooni kehtivuse l\u00f5pp: 27.02.2016<br \/>\nAvaldamism\u00e4rge: RT IV, 27.05.2015, 21<\/p>\n<p>&nbsp;<\/p>\n<p>Vastu v\u00f5etud 21.05.2015 nr 51<\/p>\n<p>M\u00e4\u00e4rus antakse kohaliku omavalitsuse korralduse seaduse \u00a7 22 lg 1 punkti 34 alusel.<\/p>\n<h3>\u00a7 1.&nbsp;&nbsp;\u00dclds\u00e4tted<\/h3>\n<p>(1) J\u00f5hvi Sotsiaalmaja (edaspidi&nbsp;<em>sotsiaalmaja<\/em>) on J\u00f5hvi Vallavalitsuse hallatav hoolekandeasutus, mille tegevuse p\u00f5hieesm\u00e4rgiks on sotsiaalteenuste osutamine m\u00f5juval p\u00f5hjusel elamispinnast ilma j\u00e4\u00e4nud v\u00e4hekindlustatud ja toimetulekuraskustes isikutele ja peredele, kinnipidamiskohast vabanenutele, sotsiaalse garantiita j\u00e4\u00e4nud isikutele (kodutud). Sotsiaalmaja struktuuri kuulub J\u00f5hvi Kodutute Varjupaik ja J\u00f5hvi Supik\u00f6\u00f6k.<\/p>\n<p>(2) Sotsiaalmaja ametlik nimetus on J\u00f5hvi Sotsiaalmaja.<\/p>\n<p>(3) Sotsiaalmaja asukoht on Eesti Vabariik, J\u00f5hvi vald ja aadress on J\u00f5hvi linn, Kaare 7, postiindeks 41534.<\/p>\n<p>(4) Sotsiaalmajal on oma eelarve ja arengukava, oma nimetus ja J\u00f5hvi valla vapi kujutisega pitsat. Sotsiaalmajal v\u00f5ib olla oma s\u00fcmboolika.<\/p>\n<p>(5) Sotsiaalmaja k\u00f5rgemalseisvaks organiks on J\u00f5hvi Vallavalitsus (edaspidi&nbsp;<em>k\u00f5rgemalseisev organ<\/em>).<\/p>\n<p>(6) Sotsiaalmaja p\u00f5him\u00e4\u00e4ruse kinnitab ja teeb selles muudatusi J\u00f5hvi Vallavolikogu.<\/p>\n<p>(7) Sotsiaalmaja juhindub oma tegevuses seadustest ja teistest \u00f5igusaktidest ning k\u00f5rgemalseisva organi korraldustest ja k\u00e4esolevast p\u00f5him\u00e4\u00e4rusest.<\/p>\n<h3>\u00a7 2.&nbsp;&nbsp;Eesm\u00e4rk ja \u00fclesanded<\/h3>\n<p>(1) Sotsiaalmaja tegevuse eesm\u00e4rk on abi vajavate isikute sotsiaalne integreerimine \u00fchiskonda, soodustades isiku iseseisvat toimetulekut ning vastutust enda ja oma perekonnaliikmete eest.<\/p>\n<p>(2) Eesm\u00e4rgist tulenevalt on sotsiaalmajal j\u00e4rgmised \u00fclesanded:<br \/>\n1)&nbsp;sotsiaalmaja elanikele elamisv\u00e4\u00e4rse elukeskkonna tagamiseks eluasemeteenuse osutamine ja kommunaalteenuste osutamise korraldamine;<br \/>\n2)&nbsp;abi vajavate isikute n\u00f5ustamine ja sotsiaalne rehabilitatsioon;<br \/>\n3)&nbsp;v\u00e4ltimatu sotsiaalabi osutamine sotsiaalse garantiita isikutele (kodutud);<br \/>\n4)&nbsp;supik\u00f6\u00f6giteenuse ja vajadusel soodsamatel tingimustel toitlustamise korraldamine \u00fcks kord p\u00e4evas;<br \/>\n5)&nbsp;isikliku h\u00fcgieeniga (pesemisv\u00f5imalus) seotud teenuste osutamise korraldamine;<br \/>\n6)&nbsp;v\u00f5imaluse korral tasuta riideabi osutamine;<br \/>\n7)&nbsp;sotsiaalteenuste osutamiseks majandustegevuse korraldamine;<br \/>\n8)&nbsp;koost\u00f6\u00f6 erinevate valla hallatavate asutuste ja mittetulundus\u00fchingutega.<\/p>\n<p>(3) Oma p\u00f5hi\u00fclesannete t\u00e4itmiseks v\u00f5ib sotsiaalmaja koguda isikuandmeid (perekonna- ja eesnimi, s\u00fcnniaeg, eelnev elukoht). Isikuandmete t\u00f6\u00f6tlemine toimub isikuandmete kaitse seaduses s\u00e4testatud korras.<\/p>\n<h3>\u00a7 3.&nbsp;&nbsp;Teenused<\/h3>\n<p>(1) Sotsiaalmaja osutab j\u00e4rgmisi teenuseid:<br \/>\n1)&nbsp;eluasemeteenus;<br \/>\n2)&nbsp;kodutute \u00f6\u00f6maja teenus;<br \/>\n3)&nbsp;supik\u00f6\u00f6gi teenus;<br \/>\n4)&nbsp;sotsiaaln\u00f5ustamine;<br \/>\n5)&nbsp;pesupesemise korraldamise teenus.<\/p>\n<p>(6) Eesm\u00e4rgist tulenevalt on sotsiaalmajal \u00f5igus osutada tasulisi teenuseid.<\/p>\n<h3>\u00a7 4.&nbsp;&nbsp;Vara ja vahendid, majandustegevus<\/h3>\n<p>(1) Sotsiaalmaja bilansis olev vara on vallavara.<\/p>\n<p>(2) Sotsiaalmaja valdab, kasutab ja k\u00e4sutab valitsema volitatud asutusena oma valduses olevat vara, l\u00e4htudes \u00f5igusaktidest ning k\u00e4esolevast p\u00f5him\u00e4\u00e4rusest.<\/p>\n<p>(3) Sotsiaalmaja rahalised vahendid moodustavad:<br \/>\n1)&nbsp;J\u00f5hvi valla eelarvelistest vahenditest;<br \/>\n2)&nbsp;osutatud teenuste eest saadud tulust;<br \/>\n3)&nbsp;annetustest ja sihteraldistest;<br \/>\n4)&nbsp;lepinguliste t\u00f6\u00f6de eest saadud vahenditest;<br \/>\n5)&nbsp;muudest seadusega lubatud vahenditest.<\/p>\n<p>(4) Sotsiaalmaja arendamise eesm\u00e4rgil v\u00f5ivad sotsiaalmajale tagastamatut abi anda ja annetusi teha nii juriidilised kui f\u00fc\u00fcsilised isikud. Tagastamatu abina ja annetustena saadud vara v\u00f5etakse arvele kehtestatud korras.<\/p>\n<p>(5) Sotsiaalmaja koostab aastaeelarve ja majandustegevuse plaani igaks eelarveaastaks, l\u00e4htudes asutuse tegevuse eesm\u00e4rkidest ja tegevusaladest, arengukavast ja investeeringute plaanist, k\u00f5rgemalseisva organi poolt antud \u00fclesannetest ning k\u00e4esolevast p\u00f5him\u00e4\u00e4rusest.<\/p>\n<p>(6) Sotsiaalmaja eelarve kinnitab J\u00f5hvi Vallavolikogu.<\/p>\n<p>(7) Sotsiaalmajal on \u00f5igus:<br \/>\n1)&nbsp;korraldada oma bilansis olevate hoonete, rajatiste ja seadmete haldamist, \u00fcmberehitamist, kapitaal- ja sanitaarremonti;<br \/>\n2)&nbsp;oma p\u00f5him\u00e4\u00e4ruses toodud eesm\u00e4rkide saavutamiseks s\u00f5lmida vastavate t\u00f6\u00f6de tegemiseks ja teenuste osutamiseks lepinguid teiste ettev\u00f5tete, asutuste ja organisatsioonide ning \u00fcksikisikutega Eestis ja teistes riikides.<\/p>\n<h3>\u00a7 5.&nbsp;&nbsp;Arengukava<\/h3>\n<p>(1) Arengukava on raamdokument, mis kajastab sotsiaalmaja tegevus- ja arengusuundi. Sotsiaalmaja arengukava peab h\u00f5lmama iga aasta 1. mai seisuga v\u00e4hemalt nelja eelseisvat eelarveaastat. Arengukava peab olema koosk\u00f5las valla arengukavaga.<\/p>\n<p>(2) Sotsiaalmaja arengukava vaatab \u00fcle ja kiidab heaks hoolekogu.<\/p>\n<p>(3) Sotsiaalmaja arengukava kinnitab J\u00f5hvi Vallavalitsus korraldusega sotsiaalmaja hoolekogu ettepanekul.<\/p>\n<h3>\u00a7 6.&nbsp;&nbsp;Juhtimine<\/h3>\n<p>(1) Sotsiaalmaja juhib direktor, kelle kinnitab J\u00f5hvi valla \u00f5igusaktidega kehtestatud korras ametisse ja vabastab ametist k\u00f5rgemalseisev organ vallavanema ettepanekul.<\/p>\n<p>(2) Sotsiaalmaja p\u00f5hitegevuse tagamiseks direktor:<br \/>\n1)&nbsp;korraldab sotsiaalmaja bilansis oleva vara valdamist, kasutamist, k\u00e4sutamist, juhib sotsiaalmaja finantsmajanduslikku ja majandustegevust ja kannab selle seaduslikkuse ja otstarbekuse eest isiklikku vastutust;<br \/>\n2)&nbsp;s\u00f5lmib sotsiaalmaja nimel lepinguid ja kokkuleppeid;<br \/>\n3)&nbsp;tegutseb sotsiaalmaja nimel ja esindab sotsiaalmaja ilma t\u00e4iendavate volitusteta k\u00f5igis riigi- ja omavalitsusasutustes, suhetes teiste f\u00fc\u00fcsiliste ja juriidiliste isikutega;<br \/>\n4)&nbsp;kinnitab koosk\u00f5lastatult k\u00f5rgemalseisva organiga sotsiaalmaja struktuuri ja koosseisunimestiku, kehtestab t\u00f6\u00f6korralduse vormid ning t\u00f6\u00f6tajate t\u00f6\u00f6 tasustamise ja premeerimise p\u00f5him\u00f5tted ja -m\u00e4\u00e4rad;<br \/>\n5)&nbsp;tegutseb t\u00f6\u00f6andjana sotsiaalmaja t\u00f6\u00f6tajate suhtes;<br \/>\n6)&nbsp;kehtestab sotsiaalmaja t\u00f6\u00f6sisekorraeeskirja ja koostab t\u00f6\u00f6tajate ametijuhendid;<br \/>\n7)&nbsp;annab oma p\u00e4devuse piires sotsiaalmaja t\u00f6\u00f6 sisemiseks korraldamiseks k\u00e4skkirju ja kontrollib nende t\u00e4itmist;<br \/>\n8)&nbsp;koostab sotsiaalmaja eelarve projekte ja kontrollib eelarveliste vahendite sihip\u00e4rast kasutamist;<br \/>\n9)&nbsp;kinnitab sotsiaalmaja aastaaruande ja esitab selle k\u00f5rgemalseisvale organile;<br \/>\n10)&nbsp;sotsiaalmaja elanike probleemide lahendamisel teeb koost\u00f6\u00f6d valla sotsiaalteenistusega ja teiste ametiasutuste, MT\u00dc-de ja p\u00e4evakeskustega.<br \/>\n11)&nbsp;koostab sotsiaalmaja arengukava ja esitab selle hiljemalt 20. maiks hoolekogule heakskiidu saamiseks ning heakskiidu saamisel esitab vallavalitsusele kinnitamiseks, j\u00e4lgib arengukava t\u00e4itmist.<\/p>\n<h3>\u00a7 7.&nbsp;&nbsp;Hoolekogu<\/h3>\n<p>(1) Sotsiaalmaja eduka ja efektiivse tegevuse tagamiseks moodustatakse hoolekogu, mis on alaliselt tegutsev organ ning mille \u00fclesandeks on j\u00e4lgida, et sotsiaalmaja juhtkonna tegevus vastaks kehtivatele \u00f5igusaktidele ja oleks tagatud sotsiaalmaja eesm\u00e4rkide elluviimine.<\/p>\n<p>(2) Hoolekogu on v\u00e4hemalt viie-liikmeline. Hoolekogu koosseisu kinnitab vallavalitsus. Oma t\u00f6\u00f6 korraldamiseks valib hoolekogu oma liikmete hulgast esimehe, kes korraldab hoolekogu t\u00f6\u00f6d ning juhatab hoolekogu koosolekuid.<\/p>\n<p>(3) Hoolekogu:<br \/>\n1)&nbsp;kuulab \u00e4ra direktori aruande sotsiaalmaja tegevusest ja majandamisest enne aruande esitamist k\u00f5rgemalseisvale organile;<br \/>\n2)&nbsp;annab direktorile ja vallavalitsusele soovitusi sotsiaalmaja eelarve koostamisel ja eelarvevahendite otstarbekaks kasutamiseks;<br \/>\n3)&nbsp;vaatab l\u00e4bi sotsiaalmaja eelarve t\u00e4itmise aruande ja kinnitab j\u00e4rgmise aasta eelarve projekti esitamiseks vallavalitsusele.<\/p>\n<p>(4) Hoolekogul on \u00f5igus saada direktorilt ning vallavalitsuselt oma t\u00f6\u00f6ks vajalikku informatsiooni.<\/p>\n<p>(5) Hoolekogu t\u00f6\u00f6vormiks on koosolek, mis toimub v\u00e4hemalt kord kvartalis.<\/p>\n<h3>\u00a7 8.&nbsp;&nbsp;Aruandlus ja kontroll<\/h3>\n<p>(1) Sotsiaalmaja raamatupidamine ja aruandlus toimub \u00f5igusaktidega s\u00e4testatud korras.<\/p>\n<p>(2) Sotsiaalmaja finantsmajanduslikku tegevust kontrollib vallavolikogu revisjonikomisjon v\u00f5i audiitor.<\/p>\n<p>(3) K\u00f5rgemalseisev organ v\u00f5ib teostada kontrolli k\u00f5igis sotsiaalmaja tegevussf\u00e4\u00e4rides piiranguteta.<\/p>\n<h3>\u00a7 9.&nbsp;&nbsp;Tegevuse \u00fcmberkorraldamine ja l\u00f5petamine<\/h3>\n<p>(1) Sotsiaalmaja tegevuse \u00fcmberkorraldamine v\u00f5i l\u00f5petamine toimub J\u00f5hvi Vallavolikogu otsuse alusel.<\/p>\n<p>(2) Kui sotsiaalmaja tegevuse \u00fcmberkorraldamise otsuses ei ole otsustatud teisiti, l\u00e4hevad sotsiaalmaja \u00fcmberkorraldamisel tema \u00f5igused ja kohustused \u00fcle tema \u00f5igusj\u00e4rglasele, selle puudumisel aga k\u00f5rgemalseisvale organile.<\/p>\n<p>(3) J\u00f5hvi Vallavolikogul on \u00f5igus anda lepingu alusel sotsiaalmaja kolmanda sektori valdusesse, mis korraldab p\u00f5him\u00e4\u00e4ruses kehtestatud tingimustel ja korras sotsiaalmaja teenuste osutamist abivajajatele. \u00dclesannete t\u00e4itmine antakse \u00fcle halduslepinguga.<\/p>\n<p>(4) Sotsiaalmaja tegevuse l\u00f5petamine toimub likvideerimise teel. Likvideerijad m\u00e4\u00e4rab k\u00f5rgemalseisev organ oma haldusaktiga.<\/p>\n<p>(5) Sotsiaalmaja tegevuse l\u00f5petamisel antakse k\u00e4esoleva p\u00f5him\u00e4\u00e4ruse \u00a7 2 l\u00f5ikes 3 nimetatud t\u00f6\u00f6deldud isikuanded \u00fcle k\u00f5rgemalseisvale organile.<\/p>\n<h3>\u00a7 10.&nbsp;&nbsp;Rakenduss\u00e4tted<\/h3>\n<p>(1) Direktoril tuleb 2015. aastal arengukava hoolekogule heakskiidu saamiseks esitada hiljemalt 1. augustil.<\/p>\n<p>(2) Tunnistada kehtetuks J\u00f5hvi Vallavolikogu 20. aprilli 2006 m\u00e4\u00e4rus nr 27 \u201eJ\u00f5hvi Linna Sotsiaalmaja nimetuse muutmine ja p\u00f5him\u00e4\u00e4ruse uue redaktsiooni kinnitamine\u201d.<\/p>\n<p>(3) M\u00e4\u00e4rus j\u00f5ustub 1. juunil 2015.<\/p>\n<p>Niina Neglason<br \/>\nVolikogu esimees<\/p>\n<p>&nbsp;<\/p>\n<p>&nbsp;<\/p>\n","protected":false},"excerpt":{"rendered":"<p>V\u00e4ljaandja: J\u00f5hvi Vallavolikogu Akti liik: m\u00e4\u00e4rus Teksti liik: algtekst-terviktekst Redaktsiooni j\u00f5ustumise kp: 01.06.2015 Redaktsiooni kehtivuse l\u00f5pp: 27.02.2016 Avaldamism\u00e4rge: RT IV, 27.05.2015, 21 &nbsp; Vastu v\u00f5etud 21.05.2015 nr 51 M\u00e4\u00e4rus antakse kohaliku omavalitsuse korralduse seaduse \u00a7 22 lg 1 punkti 34 alusel. \u00a7 1.&nbsp;&nbsp;\u00dclds\u00e4tted (1) J\u00f5hvi Sotsiaalmaja (edaspidi&nbsp;sotsiaalmaja) on J\u00f5hvi Vallavalitsuse hallatav hoolekandeasutus, mille tegevuse p\u00f5hieesm\u00e4rgiks [&hellip;]<\/p>\n","protected":false},"author":1,"featured_media":0,"parent":0,"menu_order":0,"comment_status":"closed","ping_status":"closed","template":"","meta":{"ngg_post_thumbnail":0,"footnotes":""},"class_list":["post-115","page","type-page","status-publish","hentry"],"_links":{"self":[{"href":"https:\/\/sotsiaalmaja.johvi.ee\/index.php?rest_route=\/wp\/v2\/pages\/115","targetHints":{"allow":["GET"]}}],"collection":[{"href":"https:\/\/sotsiaalmaja.johvi.ee\/index.php?rest_route=\/wp\/v2\/pages"}],"about":[{"href":"https:\/\/sotsiaalmaja.johvi.ee\/index.php?rest_route=\/wp\/v2\/types\/page"}],"author":[{"embeddable":true,"href":"https:\/\/sotsiaalmaja.johvi.ee\/index.php?rest_route=\/wp\/v2\/users\/1"}],"replies":[{"embeddable":true,"href":"https:\/\/sotsiaalmaja.johvi.ee\/index.php?rest_route=%2Fwp%2Fv2%2Fcomments&post=115"}],"version-history":[{"count":2,"href":"https:\/\/sotsiaalmaja.johvi.ee\/index.php?rest_route=\/wp\/v2\/pages\/115\/revisions"}],"predecessor-version":[{"id":315,"href":"https:\/\/sotsiaalmaja.johvi.ee\/index.php?rest_route=\/wp\/v2\/pages\/115\/revisions\/315"}],"wp:attachment":[{"href":"https:\/\/sotsiaalmaja.johvi.ee\/index.php?rest_route=%2Fwp%2Fv2%2Fmedia&parent=115"}],"curies":[{"name":"wp","href":"https:\/\/api.w.org\/{rel}","templated":true}]}}