{"id":11,"date":"2021-09-13T15:09:34","date_gmt":"2021-09-13T12:09:34","guid":{"rendered":"https:\/\/192.168.3.231\/?page_id=11"},"modified":"2025-08-05T13:42:37","modified_gmt":"2025-08-05T10:42:37","slug":"sotsiaalmaja-tegevusvaldkond-ja-ulesanded","status":"publish","type":"page","link":"https:\/\/sotsiaalmaja.johvi.ee\/","title":{"rendered":"Sotsiaalmaja tegevusvaldkond ja \u00fclesanded"},"content":{"rendered":"<h3 class=\"widget-title\">Teade<\/h3>\n<div class=\"textwidget\">\n<p>Teavitame, et 08.08.2025.a. J\u00f5hvi Sotsiaalmaja elanikud tulevad tagasi hoonesse, mis asub aadressil: Kaare tn 7, J\u00f5hvi.<br \/>\nSamuti anname teada, et on muutunud J\u00f5hvi Sotsiaalmaja kontaktnumbrid, nimelt:<br \/>\n<strong>J\u00f5hvi Sotsiaalmaja korrapidja (24h)<\/strong>, tel. 5361 0551<br \/>\n<strong>Andrei Lu\u0161kin \u2013 J\u00f5hvi Sotsiaalmaja direktor<\/strong>, tel.5344 3520<br \/>\n<strong>Svetlana Mitina \u2013 majandusjuhataja<\/strong>, tuleohutuse eest vastutav isik, tel. 5199 1646<br \/>\n<strong>Natalja Mitina \u2013 sotsiaalt\u00f6\u00f6taja<\/strong>, tel. 5358 8091<\/p>\n<\/div>\n<p>***<\/p>\n<p>Sotsiaalmaja tegevuse eesm\u00e4rk on abi vajavate isikute sotsiaalne integreerimine \u00fchiskonda, soodustades isiku iseseisvat toimetulekut ning vastutust enda ja oma perekonnaliikmete eest.<\/p>\n<p>Eesm\u00e4rgist tulenevalt on sotsiaalmajal j\u00e4rgmised \u00fclesanded:<br \/>\nsotsiaalmaja elanikele elamisv\u00e4\u00e4rse elukeskkonna tagamiseks eluasemeteenuse osutamine ja kommunaalteenuste osutamise korraldamine;<br \/>\nabi vajavate isikute n\u00f5ustamine ja sotsiaalne rehabilitatsioon;<br \/>\nv\u00e4ltimatu sotsiaalabi osutamine sotsiaalse garantiita isikutele (kodutud);<br \/>\nsupik\u00f6\u00f6giteenuse ja vajadusel soodsamatel tingimustel toitlustamise korraldamine \u00fcks kord p\u00e4evas;<br \/>\nisikliku h\u00fcgieeniga (pesemisv\u00f5imalus) seotud teenuste osutamise korraldamine;<br \/>\nv\u00f5imaluse korral tasuta riideabi osutamine;<br \/>\nsotsiaalteenuste osutamiseks majandustegevuse korraldamine;<br \/>\nkoost\u00f6\u00f6 erinevate valla hallatavate asutuste ja mittetulundus\u00fchingutega.<\/p>\n<p>Oma p\u00f5hi\u00fclesannete t\u00e4itmiseks v\u00f5ib sotsiaalmaja koguda isikuandmeid (perekonna- ja eesnimi, s\u00fcnniaeg, eelnev elukoht). Isikuandmete t\u00f6\u00f6tlemine toimub isikuandmete kaitse seaduses s\u00e4testatud korras.<\/p>\n","protected":false},"excerpt":{"rendered":"<p>Teade Teavitame, et 08.08.2025.a. J\u00f5hvi Sotsiaalmaja elanikud tulevad tagasi hoonesse, mis asub aadressil: Kaare tn 7, J\u00f5hvi. Samuti anname teada, et on muutunud J\u00f5hvi Sotsiaalmaja kontaktnumbrid, nimelt: J\u00f5hvi Sotsiaalmaja korrapidja (24h), tel. 5361 0551 Andrei Lu\u0161kin \u2013 J\u00f5hvi Sotsiaalmaja direktor, tel.5344 3520 Svetlana Mitina \u2013 majandusjuhataja, tuleohutuse eest vastutav isik, tel. 5199 1646 Natalja Mitina [&hellip;]<\/p>\n","protected":false},"author":1,"featured_media":135,"parent":0,"menu_order":0,"comment_status":"closed","ping_status":"closed","template":"","meta":{"ngg_post_thumbnail":0,"footnotes":""},"class_list":["post-11","page","type-page","status-publish","has-post-thumbnail","hentry"],"_links":{"self":[{"href":"https:\/\/sotsiaalmaja.johvi.ee\/index.php?rest_route=\/wp\/v2\/pages\/11","targetHints":{"allow":["GET"]}}],"collection":[{"href":"https:\/\/sotsiaalmaja.johvi.ee\/index.php?rest_route=\/wp\/v2\/pages"}],"about":[{"href":"https:\/\/sotsiaalmaja.johvi.ee\/index.php?rest_route=\/wp\/v2\/types\/page"}],"author":[{"embeddable":true,"href":"https:\/\/sotsiaalmaja.johvi.ee\/index.php?rest_route=\/wp\/v2\/users\/1"}],"replies":[{"embeddable":true,"href":"https:\/\/sotsiaalmaja.johvi.ee\/index.php?rest_route=%2Fwp%2Fv2%2Fcomments&post=11"}],"version-history":[{"count":4,"href":"https:\/\/sotsiaalmaja.johvi.ee\/index.php?rest_route=\/wp\/v2\/pages\/11\/revisions"}],"predecessor-version":[{"id":337,"href":"https:\/\/sotsiaalmaja.johvi.ee\/index.php?rest_route=\/wp\/v2\/pages\/11\/revisions\/337"}],"wp:featuredmedia":[{"embeddable":true,"href":"https:\/\/sotsiaalmaja.johvi.ee\/index.php?rest_route=\/wp\/v2\/media\/135"}],"wp:attachment":[{"href":"https:\/\/sotsiaalmaja.johvi.ee\/index.php?rest_route=%2Fwp%2Fv2%2Fmedia&parent=11"}],"curies":[{"name":"wp","href":"https:\/\/api.w.org\/{rel}","templated":true}]}}